{"id":3,"date":"2024-05-07T06:18:04","date_gmt":"2024-05-07T06:18:04","guid":{"rendered":"http:\/\/bbscore.com\/?page_id=3"},"modified":"2024-09-03T10:30:18","modified_gmt":"2024-09-03T02:30:18","slug":"privacy-policy","status":"publish","type":"page","link":"https:\/\/bbscore.com\/pt\/privacy-policy\/","title":{"rendered":"Pol\u00edtica de Privacidade"},"content":{"rendered":"<div data-elementor-type=\"wp-page\" data-elementor-id=\"3\" class=\"elementor elementor-3\" data-elementor-post-type=\"page\">\n\t\t\t\t<div class=\"elementor-element elementor-element-dc99a81 e-flex e-con-boxed e-con e-parent\" data-id=\"dc99a81\" data-element_type=\"container\">\n\t\t\t\t\t<div class=\"e-con-inner\">\n\t\t<div class=\"elementor-element elementor-element-03214d1 e-con-full e-flex e-con e-child\" data-id=\"03214d1\" data-element_type=\"container\">\n\t\t\t\t<\/div>\n\t\t<div class=\"elementor-element elementor-element-2f4dc19 e-con-full e-flex e-con e-child\" data-id=\"2f4dc19\" data-element_type=\"container\">\n\t\t\t\t<\/div>\n\t\t\t\t\t<\/div>\n\t\t\t\t<\/div>\n\t\t<div class=\"elementor-element elementor-element-1f37605 e-flex e-con-boxed e-con e-parent\" data-id=\"1f37605\" data-element_type=\"container\">\n\t\t\t\t\t<div class=\"e-con-inner\">\n\t\t\t\t<div class=\"elementor-element elementor-element-7e8b9416 elementor-widget elementor-widget-text-editor\" data-id=\"7e8b9416\" data-element_type=\"widget\" data-widget_type=\"text-editor.default\">\n\t\t\t\t<div class=\"elementor-widget-container\">\n\t\t\t<style>\/*! elementor - v3.22.0 - 26-06-2024 *\/\n.elementor-widget-text-editor.elementor-drop-cap-view-stacked .elementor-drop-cap{background-color:#69727d;color:#fff}.elementor-widget-text-editor.elementor-drop-cap-view-framed .elementor-drop-cap{color:#69727d;border:3px solid;background-color:transparent}.elementor-widget-text-editor:not(.elementor-drop-cap-view-default) .elementor-drop-cap{margin-top:8px}.elementor-widget-text-editor:not(.elementor-drop-cap-view-default) .elementor-drop-cap-letter{width:1em;height:1em}.elementor-widget-text-editor .elementor-drop-cap{float:left;text-align:center;line-height:1;font-size:50px}.elementor-widget-text-editor .elementor-drop-cap-letter{display:inline-block}<\/style>\t\t\t\t<!-- wp:spacer {\"height\":\"50px\"} -->\n<div style=\"height:50px\" aria-hidden=\"true\" class=\"wp-block-spacer\"><\/div>\n<!-- \/wp:spacer -->\n\n<!-- wp:paragraph -->\n<p><a href=\"https:\/\/bbscore.com\/pt\/\"><strong>Aplicativo BBscore de Pontua\u00e7\u00f5es ao Vivo de Esportes<\/strong><\/a> A Pol\u00edtica de Privacidade explica como as informa\u00e7\u00f5es s\u00e3o coletadas, usadas e divulgadas pela BBscore com rela\u00e7\u00e3o ao seu acesso e uso de nossos servi\u00e7os por meio de nossos aplicativos m\u00f3veis e site. Esta Pol\u00edtica de Privacidade n\u00e3o se aplica a quaisquer sites, servi\u00e7os ou aplicativos de terceiros que possam ser acessados por meio de nossos servi\u00e7os.<\/p>\n<!-- \/wp:paragraph -->\n\n<!-- wp:paragraph -->\n<p>Qualquer informa\u00e7\u00e3o que seja coletada est\u00e1 sujeita \u00e0 Pol\u00edtica de Privacidade em vigor no momento em que essa informa\u00e7\u00e3o \u00e9 coletada. No entanto, podemos modificar e revisar nossa Pol\u00edtica de Privacidade de tempos em tempos. Se fizermos quaisquer altera\u00e7\u00f5es materiais a esta pol\u00edtica, iremos notific\u00e1-lo de tais altera\u00e7\u00f5es publicando-as em nosso site, por meio de nossos servi\u00e7os ou enviando um e-mail ou outra notifica\u00e7\u00e3o, e indicaremos quando tais altera\u00e7\u00f5es entrar\u00e3o em vigor. Ao continuar a acessar ou usar nossos servi\u00e7os ap\u00f3s essas altera\u00e7\u00f5es entrarem em vigor, voc\u00ea concorda em ficar vinculado \u00e0 pol\u00edtica revisada.<\/p>\n<!-- \/wp:paragraph -->\n\n<!-- wp:paragraph -->\n<p><strong>Observa\u00e7\u00e3o sobre crian\u00e7as.<\/strong> N\u00e3o coletamos intencionalmente informa\u00e7\u00f5es pessoais de crian\u00e7as. Se tomarmos conhecimento de que coletamos informa\u00e7\u00f5es pessoais de uma crian\u00e7a menor de 13 anos, tomaremos medidas para excluir essas informa\u00e7\u00f5es de nossos arquivos o mais r\u00e1pido poss\u00edvel.<\/p>\n<!-- \/wp:paragraph -->\n\n<!-- wp:paragraph -->\n<p><strong>Observa\u00e7\u00e3o sobre usu\u00e1rios internacionais.<\/strong>Suas informa\u00e7\u00f5es ser\u00e3o transferidas e mantidas em computadores localizados nos Estados Unidos (ou em qualquer outro pa\u00eds onde operamos) e processadas l\u00e1. Ao nos fornecer suas informa\u00e7\u00f5es, voc\u00ea est\u00e1 aceitando e concordando com essa transfer\u00eancia.<\/p>\n<!-- \/wp:paragraph -->\n\n<!-- wp:heading -->\n<h2 class=\"wp-block-heading\"><a><\/a>Informa\u00e7\u00f5es que Coletamos<\/h2>\n<!-- \/wp:heading -->\n\n<!-- wp:paragraph -->\n<p>Seu Dispositivo\/Computador. Coletamos certas informa\u00e7\u00f5es que seu dispositivo m\u00f3vel envia quando voc\u00ea usa nossos servi\u00e7os, como um identificador de dispositivo, configura\u00e7\u00f5es do usu\u00e1rio e o sistema operacional, al\u00e9m de informa\u00e7\u00f5es sobre seu uso de nossos servi\u00e7os por meio do seu dispositivo. Tamb\u00e9m coletamos certas informa\u00e7\u00f5es que seu navegador da web envia quando voc\u00ea visita nosso site, como o endere\u00e7o IP, navegador, p\u00e1ginas de refer\u00eancia\/sa\u00edda e URLs, p\u00e1ginas visualizadas e outras informa\u00e7\u00f5es semelhantes sobre seu uso de nossos servi\u00e7os.<\/p>\n<!-- \/wp:paragraph -->\n\n<!-- wp:heading -->\n<h2 class=\"wp-block-heading\"><a><\/a>Informa\u00e7\u00f5es Coletadas por Outros<\/h2>\n<!-- \/wp:heading -->\n\n<!-- wp:paragraph -->\n<p>Podemos usar provedores de an\u00e1lises para nos ajudar a entender o uso de nossos servi\u00e7os. Esses provedores coletar\u00e3o as informa\u00e7\u00f5es enviadas por seu dispositivo m\u00f3vel ou navegador, e o uso dessas informa\u00e7\u00f5es \u00e9 regido por sua pol\u00edtica de privacidade aplic\u00e1vel.<\/p>\n<!-- \/wp:paragraph -->\n\n<!-- wp:heading -->\n<h2 class=\"wp-block-heading\"><a><\/a>Como Usamos as Informa\u00e7\u00f5es que Coletamos<\/h2>\n<!-- \/wp:heading -->\n\n<!-- wp:paragraph -->\n<p>Usamos as informa\u00e7\u00f5es que coletamos para fornecer nossos servi\u00e7os, responder a consultas, personalizar e melhorar nossos servi\u00e7os e suas experi\u00eancias ao usar nossos servi\u00e7os, monitorar e analisar o uso e as tend\u00eancias de nossos servi\u00e7os, enviar mensagens administrativas sobre a opera\u00e7\u00e3o e uso de nossos servi\u00e7os e para qualquer outro prop\u00f3sito para o qual as informa\u00e7\u00f5es foram coletadas.<\/p>\n<!-- \/wp:paragraph -->\n\n<!-- wp:heading -->\n<h2 class=\"wp-block-heading\"><a><\/a>Informa\u00e7\u00f5es que Compartilhamos com Outros<\/h2>\n<!-- \/wp:heading -->\n\n<!-- wp:paragraph -->\n<p>Compartilharemos informa\u00e7\u00f5es sobre voc\u00ea quando voc\u00ea nos instruir a faz\u00ea-lo, ou se notificarmos voc\u00ea de que as informa\u00e7\u00f5es que voc\u00ea fornece ser\u00e3o compartilhadas de determinada maneira e voc\u00ea fornecer essas informa\u00e7\u00f5es.<\/p>\n<!-- \/wp:paragraph -->\n\n<!-- wp:paragraph -->\n<p>Podemos compartilhar informa\u00e7\u00f5es sobre voc\u00ea de forma an\u00f4nima e\/ou agregada com terceiros para an\u00e1lise de uso (para nos ajudar a entender melhor quem est\u00e1 usando nossos servi\u00e7os e como), e para an\u00e1lise do setor, perfil demogr\u00e1fico, pesquisa e outros fins semelhantes.<\/p>\n<!-- \/wp:paragraph -->\n\n<!-- wp:paragraph -->\n<p>Suas informa\u00e7\u00f5es podem ser acessadas e usadas por nossos provedores de servi\u00e7os que trabalham conosco em conex\u00e3o com a opera\u00e7\u00e3o de nossos servi\u00e7os (esses provedores de servi\u00e7os podem ter acesso \u00e0s suas informa\u00e7\u00f5es, mas apenas na medida do necess\u00e1rio para realizar servi\u00e7os em nosso nome e s\u00e3o obrigados a n\u00e3o divulgar essas informa\u00e7\u00f5es nem us\u00e1-las para quaisquer outros fins).<\/p>\n<!-- \/wp:paragraph -->\n\n<!-- wp:paragraph -->\n<p>Podemos transferir e\/ou fornecer informa\u00e7\u00f5es sobre nossos usu\u00e1rios em conex\u00e3o com uma aquisi\u00e7\u00e3o, venda de ativos da empresa ou outra situa\u00e7\u00e3o em que as informa\u00e7\u00f5es do usu\u00e1rio seriam transferidas como um de nossos ativos comerciais.<\/p>\n<!-- \/wp:paragraph -->\n\n<!-- wp:heading -->\n<h2 class=\"wp-block-heading\"><a><\/a>Exclus\u00e3o de conta<\/h2>\n<!-- \/wp:heading -->\n\n<!-- wp:heading {\"level\":3} -->\n<h3 class=\"wp-block-heading\"><a><\/a>Importante:<\/h3>\n<!-- \/wp:heading -->\n\n<!-- wp:paragraph -->\n<p>- Desinstalar ou excluir o aplicativo n\u00e3o excluir\u00e1 sua conta.<\/p>\n<!-- \/wp:paragraph -->\n\n<!-- wp:paragraph -->\n<p>- Ao excluir sua conta, todos os dados relacionados tamb\u00e9m ser\u00e3o exclu\u00eddos.<\/p>\n<!-- \/wp:paragraph -->\n\n<!-- wp:paragraph -->\n<p>- Se voc\u00ea registrou seu endere\u00e7o de e-mail em nossos aplicativos, n\u00e3o poder\u00e1 mais us\u00e1-lo para fazer login.<\/p>\n<!-- \/wp:paragraph -->\n\n<!-- wp:paragraph -->\n<p>- Mesmo que voc\u00ea reinstale os aplicativos, n\u00e3o poder\u00e1 transferir sua conta, pois os dados n\u00e3o podem ser restaurados de uma conta exclu\u00edda.<\/p>\n<!-- \/wp:paragraph -->\n\n<!-- wp:heading {\"level\":3} -->\n<h3 class=\"wp-block-heading\"><a><\/a>Para excluir sua conta:<\/h3>\n<!-- \/wp:heading -->\n\n<!-- wp:paragraph -->\n<p>1. Fa\u00e7a login &gt; Toque em \"Eu\" &gt; Configura\u00e7\u00f5es &gt; Excluir conta<\/p>\n<!-- \/wp:paragraph -->\n\n<!-- wp:heading -->\n<h2 class=\"wp-block-heading\"><a><\/a>Contato<\/h2>\n<!-- \/wp:heading -->\n\n<!-- wp:paragraph -->\n<p>Se voc\u00ea tiver alguma d\u00favida sobre nossa Pol\u00edtica de Privacidade, entre em contato conosco em: <strong><a href=\"mailto:contact@bbscore.com\">Envie um e-mail para<\/a><\/strong><\/p>\n<!-- \/wp:paragraph -->\t\t\t\t\t\t<\/div>\n\t\t\t\t<\/div>\n\t\t\t\t\t<\/div>\n\t\t\t\t<\/div>\n\t\t\t\t<\/div>","protected":false},"excerpt":{"rendered":"<p>BBscore Live Sport Scores App Privacy Policy explains how information is collected, used and disclosed [&hellip;]<\/p>","protected":false},"author":1,"featured_media":0,"parent":0,"menu_order":0,"comment_status":"closed","ping_status":"open","template":"","meta":{"rank_math_lock_modified_date":false,"footnotes":""},"rankMath":{"parentDomain":"bbscore.com","noFollowDomains":[],"noFollowExcludeDomains":[],"noFollowExternalLinks":false,"featuredImageNotice":"A imagem destacada deve ter pelo menos 200 por 200 pixels para ser reconhecida pelo Facebook e outros sites de m\u00eddia social.","pluginReviewed":false,"postSettings":{"linkSuggestions":true,"useFocusKeyword":false},"frontEndScore":false,"postName":"privacy-policy","permalinkFormat":"https:\/\/bbscore.com\/pt\/%pagename%\/","showLockModifiedDate":true,"assessor":{"focusKeywordLink":"https:\/\/bbscore.com\/wp-admin\/edit.php?focus_keyword=%focus_keyword%&post_type=%post_type%","hasTOCPlugin":true,"primaryTaxonomy":false,"serpData":{"title":"","description":"BBScore Privacy Policy values trust and transparency as we deliver real-time football scores to passionate fans worldwide with data protection.","focusKeywords":"privacy","pillarContent":false,"canonicalUrl":"","breadcrumbTitle":"","advancedRobots":{"max-snippet":"-1","max-video-preview":"-1","max-image-preview":"large"},"facebookTitle":"","facebookDescription":"","facebookImage":"","facebookImageID":"","facebookHasOverlay":false,"facebookImageOverlay":"","facebookAuthor":"","twitterCardType":"","twitterUseFacebook":true,"twitterTitle":"","twitterDescription":"","twitterImage":"","twitterImageID":"","twitterHasOverlay":false,"twitterImageOverlay":"","twitterPlayerUrl":"","twitterPlayerSize":"","twitterPlayerStream":"","twitterPlayerStreamCtype":"","twitterAppDescription":"","twitterAppIphoneName":"","twitterAppIphoneID":"","twitterAppIphoneUrl":"","twitterAppIpadName":"","twitterAppIpadID":"","twitterAppIpadUrl":"","twitterAppGoogleplayName":"","twitterAppGoogleplayID":"","twitterAppGoogleplayUrl":"","twitterAppCountry":"","robots":{"index":true},"twitterAuthor":"BBscore_Live","primaryTerm":0,"authorName":"bbscore.com","titleTemplate":"%title% %sep% %sitename%","descriptionTemplate":"%excerpt%","showScoreFrontend":true,"lockModifiedDate":false},"powerWords":[],"diacritics":{"A":"[\\u0041\\u24B6\\uFF21\\u00C0\\u00C1\\u00C2\\u1EA6\\u1EA4\\u1EAA\\u1EA8\\u00C3\\u0100\\u0102\\u1EB0\\u1EAE\\u1EB4\\u1EB2\\u0226\\u01E0\\u00C4\\u01DE\\u1EA2\\u00C5\\u01FA\\u01CD\\u0200\\u0202\\u1EA0\\u1EAC\\u1EB6\\u1E00\\u0104\\u023A\\u2C6F]","AA":"[\\uA732]","AE":"[\\u00C6\\u01FC\\u01E2]","AO":"[\\uA734]","AU":"[\\uA736]","AV":"[\\uA738\\uA73A]","AY":"[\\uA73C]","B":"[\\u0042\\u24B7\\uFF22\\u1E02\\u1E04\\u1E06\\u0243\\u0182\\u0181]","C":"[\\u0043\\u24B8\\uFF23\\u0106\\u0108\\u010A\\u010C\\u00C7\\u1E08\\u0187\\u023B\\uA73E]","D":"[\\u0044\\u24B9\\uFF24\\u1E0A\\u010E\\u1E0C\\u1E10\\u1E12\\u1E0E\\u0110\\u018B\\u018A\\u0189\\uA779]","DZ":"[\\u01F1\\u01C4]","Dz":"[\\u01F2\\u01C5]","E":"[\\u0045\\u24BA\\uFF25\\u00C8\\u00C9\\u00CA\\u1EC0\\u1EBE\\u1EC4\\u1EC2\\u1EBC\\u0112\\u1E14\\u1E16\\u0114\\u0116\\u00CB\\u1EBA\\u011A\\u0204\\u0206\\u1EB8\\u1EC6\\u0228\\u1E1C\\u0118\\u1E18\\u1E1A\\u0190\\u018E]","F":"[\\u0046\\u24BB\\uFF26\\u1E1E\\u0191\\uA77B]","G":"[\\u0047\\u24BC\\uFF27\\u01F4\\u011C\\u1E20\\u011E\\u0120\\u01E6\\u0122\\u01E4\\u0193\\uA7A0\\uA77D\\uA77E]","H":"[\\u0048\\u24BD\\uFF28\\u0124\\u1E22\\u1E26\\u021E\\u1E24\\u1E28\\u1E2A\\u0126\\u2C67\\u2C75\\uA78D]","I":"[\\u0049\\u24BE\\uFF29\\u00CC\\u00CD\\u00CE\\u0128\\u012A\\u012C\\u0130\\u00CF\\u1E2E\\u1EC8\\u01CF\\u0208\\u020A\\u1ECA\\u012E\\u1E2C\\u0197]","J":"[\\u004A\\u24BF\\uFF2A\\u0134\\u0248]","K":"[\\u004B\\u24C0\\uFF2B\\u1E30\\u01E8\\u1E32\\u0136\\u1E34\\u0198\\u2C69\\uA740\\uA742\\uA744\\uA7A2]","L":"[\\u004C\\u24C1\\uFF2C\\u013F\\u0139\\u013D\\u1E36\\u1E38\\u013B\\u1E3C\\u1E3A\\u0141\\u023D\\u2C62\\u2C60\\uA748\\uA746\\uA780]","LJ":"[\\u01C7]","Lj":"[\\u01C8]","M":"[\\u004D\\u24C2\\uFF2D\\u1E3E\\u1E40\\u1E42\\u2C6E\\u019C]","N":"[\\u004E\\u24C3\\uFF2E\\u01F8\\u0143\\u00D1\\u1E44\\u0147\\u1E46\\u0145\\u1E4A\\u1E48\\u0220\\u019D\\uA790\\uA7A4]","NJ":"[\\u01CA]","Nj":"[\\u01CB]","O":"[\\u004F\\u24C4\\uFF2F\\u00D2\\u00D3\\u00D4\\u1ED2\\u1ED0\\u1ED6\\u1ED4\\u00D5\\u1E4C\\u022C\\u1E4E\\u014C\\u1E50\\u1E52\\u014E\\u022E\\u0230\\u00D6\\u022A\\u1ECE\\u0150\\u01D1\\u020C\\u020E\\u01A0\\u1EDC\\u1EDA\\u1EE0\\u1EDE\\u1EE2\\u1ECC\\u1ED8\\u01EA\\u01EC\\u00D8\\u01FE\\u0186\\u019F\\uA74A\\uA74C]","OI":"[\\u01A2]","OO":"[\\uA74E]","OU":"[\\u0222]","P":"[\\u0050\\u24C5\\uFF30\\u1E54\\u1E56\\u01A4\\u2C63\\uA750\\uA752\\uA754]","Q":"[\\u0051\\u24C6\\uFF31\\uA756\\uA758\\u024A]","R":"[\\u0052\\u24C7\\uFF32\\u0154\\u1E58\\u0158\\u0210\\u0212\\u1E5A\\u1E5C\\u0156\\u1E5E\\u024C\\u2C64\\uA75A\\uA7A6\\uA782]","S":"[\\u0053\\u24C8\\uFF33\\u1E9E\\u015A\\u1E64\\u015C\\u1E60\\u0160\\u1E66\\u1E62\\u1E68\\u0218\\u015E\\u2C7E\\uA7A8\\uA784]","T":"[\\u0054\\u24C9\\uFF34\\u1E6A\\u0164\\u1E6C\\u021A\\u0162\\u1E70\\u1E6E\\u0166\\u01AC\\u01AE\\u023E\\uA786]","TZ":"[\\uA728]","U":"[\\u0055\\u24CA\\uFF35\\u00D9\\u00DA\\u00DB\\u0168\\u1E78\\u016A\\u1E7A\\u016C\\u00DC\\u01DB\\u01D7\\u01D5\\u01D9\\u1EE6\\u016E\\u0170\\u01D3\\u0214\\u0216\\u01AF\\u1EEA\\u1EE8\\u1EEE\\u1EEC\\u1EF0\\u1EE4\\u1E72\\u0172\\u1E76\\u1E74\\u0244]","V":"[\\u0056\\u24CB\\uFF36\\u1E7C\\u1E7E\\u01B2\\uA75E\\u0245]","VY":"[\\uA760]","W":"[\\u0057\\u24CC\\uFF37\\u1E80\\u1E82\\u0174\\u1E86\\u1E84\\u1E88\\u2C72]","X":"[\\u0058\\u24CD\\uFF38\\u1E8A\\u1E8C]","Y":"[\\u0059\\u24CE\\uFF39\\u1EF2\\u00DD\\u0176\\u1EF8\\u0232\\u1E8E\\u0178\\u1EF6\\u1EF4\\u01B3\\u024E\\u1EFE]","Z":"[\\u005A\\u24CF\\uFF3A\\u0179\\u1E90\\u017B\\u017D\\u1E92\\u1E94\\u01B5\\u0224\\u2C7F\\u2C6B\\uA762]","a":"[\\u0061\\u24D0\\uFF41\\u1E9A\\u00E0\\u00E1\\u00E2\\u1EA7\\u1EA5\\u1EAB\\u1EA9\\u00E3\\u0101\\u0103\\u1EB1\\u1EAF\\u1EB5\\u1EB3\\u0227\\u01E1\\u00E4\\u01DF\\u1EA3\\u00E5\\u01FB\\u01CE\\u0201\\u0203\\u1EA1\\u1EAD\\u1EB7\\u1E01\\u0105\\u2C65\\u0250]","aa":"[\\uA733]","ae":"[\\u00E6\\u01FD\\u01E3]","ao":"[\\uA735]","au":"[\\uA737]","av":"[\\uA739\\uA73B]","ay":"[\\uA73D]","b":"[\\u0062\\u24D1\\uFF42\\u1E03\\u1E05\\u1E07\\u0180\\u0183\\u0253]","c":"[\\u0063\\u24D2\\uFF43\\u0107\\u0109\\u010B\\u010D\\u00E7\\u1E09\\u0188\\u023C\\uA73F\\u2184]","d":"[\\u0064\\u24D3\\uFF44\\u1E0B\\u010F\\u1E0D\\u1E11\\u1E13\\u1E0F\\u0111\\u018C\\u0256\\u0257\\uA77A]","dz":"[\\u01F3\\u01C6]","e":"[\\u0065\\u24D4\\uFF45\\u00E8\\u00E9\\u00EA\\u1EC1\\u1EBF\\u1EC5\\u1EC3\\u1EBD\\u0113\\u1E15\\u1E17\\u0115\\u0117\\u00EB\\u1EBB\\u011B\\u0205\\u0207\\u1EB9\\u1EC7\\u0229\\u1E1D\\u0119\\u1E19\\u1E1B\\u0247\\u025B\\u01DD]","f":"[\\u0066\\u24D5\\uFF46\\u1E1F\\u0192\\uA77C]","g":"[\\u0067\\u24D6\\uFF47\\u01F5\\u011D\\u1E21\\u011F\\u0121\\u01E7\\u0123\\u01E5\\u0260\\uA7A1\\u1D79\\uA77F]","h":"[\\u0068\\u24D7\\uFF48\\u0125\\u1E23\\u1E27\\u021F\\u1E25\\u1E29\\u1E2B\\u1E96\\u0127\\u2C68\\u2C76\\u0265]","hv":"[\\u0195]","i":"[\\u0069\\u24D8\\uFF49\\u00EC\\u00ED\\u00EE\\u0129\\u012B\\u012D\\u00EF\\u1E2F\\u1EC9\\u01D0\\u0209\\u020B\\u1ECB\\u012F\\u1E2D\\u0268\\u0131]","j":"[\\u006A\\u24D9\\uFF4A\\u0135\\u01F0\\u0249]","k":"[\\u006B\\u24DA\\uFF4B\\u1E31\\u01E9\\u1E33\\u0137\\u1E35\\u0199\\u2C6A\\uA741\\uA743\\uA745\\uA7A3]","l":"[\\u006C\\u24DB\\uFF4C\\u0140\\u013A\\u013E\\u1E37\\u1E39\\u013C\\u1E3D\\u1E3B\\u017F\\u0142\\u019A\\u026B\\u2C61\\uA749\\uA781\\uA747]","lj":"[\\u01C9]","m":"[\\u006D\\u24DC\\uFF4D\\u1E3F\\u1E41\\u1E43\\u0271\\u026F]","n":"[\\u006E\\u24DD\\uFF4E\\u01F9\\u0144\\u00F1\\u1E45\\u0148\\u1E47\\u0146\\u1E4B\\u1E49\\u019E\\u0272\\u0149\\uA791\\uA7A5]","nj":"[\\u01CC]","o":"[\\u006F\\u24DE\\uFF4F\\u00F2\\u00F3\\u00F4\\u1ED3\\u1ED1\\u1ED7\\u1ED5\\u00F5\\u1E4D\\u022D\\u1E4F\\u014D\\u1E51\\u1E53\\u014F\\u022F\\u0231\\u00F6\\u022B\\u1ECF\\u0151\\u01D2\\u020D\\u020F\\u01A1\\u1EDD\\u1EDB\\u1EE1\\u1EDF\\u1EE3\\u1ECD\\u1ED9\\u01EB\\u01ED\\u00F8\\u01FF\\u0254\\uA74B\\uA74D\\u0275]","oi":"[\\u01A3]","ou":"[\\u0223]","oo":"[\\uA74F]","p":"[\\u0070\\u24DF\\uFF50\\u1E55\\u1E57\\u01A5\\u1D7D\\uA751\\uA753\\uA755]","q":"[\\u0071\\u24E0\\uFF51\\u024B\\uA757\\uA759]","r":"[\\u0072\\u24E1\\uFF52\\u0155\\u1E59\\u0159\\u0211\\u0213\\u1E5B\\u1E5D\\u0157\\u1E5F\\u024D\\u027D\\uA75B\\uA7A7\\uA783]","s":"[\\u0073\\u24E2\\uFF53\\u015B\\u1E65\\u015D\\u1E61\\u0161\\u1E67\\u1E63\\u1E69\\u0219\\u015F\\u023F\\uA7A9\\uA785\\u1E9B]","ss":"[\\u00DF]","t":"[\\u0074\\u24E3\\uFF54\\u1E6B\\u1E97\\u0165\\u1E6D\\u021B\\u0163\\u1E71\\u1E6F\\u0167\\u01AD\\u0288\\u2C66\\uA787]","tz":"[\\uA729]","u":"[\\u0075\\u24E4\\uFF55\\u00F9\\u00FA\\u00FB\\u0169\\u1E79\\u016B\\u1E7B\\u016D\\u00FC\\u01DC\\u01D8\\u01D6\\u01DA\\u1EE7\\u016F\\u0171\\u01D4\\u0215\\u0217\\u01B0\\u1EEB\\u1EE9\\u1EEF\\u1EED\\u1EF1\\u1EE5\\u1E73\\u0173\\u1E77\\u1E75\\u0289]","v":"[\\u0076\\u24E5\\uFF56\\u1E7D\\u1E7F\\u028B\\uA75F\\u028C]","vy":"[\\uA761]","w":"[\\u0077\\u24E6\\uFF57\\u1E81\\u1E83\\u0175\\u1E87\\u1E85\\u1E98\\u1E89\\u2C73]","x":"[\\u0078\\u24E7\\uFF58\\u1E8B\\u1E8D]","y":"[\\u0079\\u24E8\\uFF59\\u1EF3\\u00FD\\u0177\\u1EF9\\u0233\\u1E8F\\u00FF\\u1EF7\\u1E99\\u1EF5\\u01B4\\u024F\\u1EFF]","z":"[\\u007A\\u24E9\\uFF5A\\u017A\\u1E91\\u017C\\u017E\\u1E93\\u1E95\\u01B6\\u0225\\u0240\\u2C6C\\uA763]"},"researchesTests":["contentHasTOC","contentHasShortParagraphs","contentHasAssets","keywordInTitle","keywordInMetaDescription","keywordInPermalink","keywordIn10Percent","keywordInContent","keywordInSubheadings","keywordInImageAlt","keywordDensity","keywordNotUsed","lengthContent","lengthPermalink","linksHasInternal","linksHasExternals","linksNotAllExternals","titleStartWithKeyword","titleSentiment","titleHasPowerWords","titleHasNumber","hasContentAI"],"hasRedirection":true,"hasBreadcrumb":true},"homeUrl":"https:\/\/bbscore.com\/pt","objectID":3,"objectType":"post","locale":"pt","localeFull":"pt_BR","overlayImages":{"play":{"name":"\u00cdcone de reprodu\u00e7\u00e3o","url":"https:\/\/bbscore.com\/wp-content\/plugins\/seo-by-rank-math\/assets\/admin\/img\/icon-play.png","path":"\/home\/u236471510\/domains\/bbscore.com\/public_html\/wp-content\/plugins\/seo-by-rank-math\/assets\/admin\/img\/icon-play.png","position":"middle_center"},"gif":{"name":"\u00cdcone GIF","url":"https:\/\/bbscore.com\/wp-content\/plugins\/seo-by-rank-math\/assets\/admin\/img\/icon-gif.png","path":"\/home\/u236471510\/domains\/bbscore.com\/public_html\/wp-content\/plugins\/seo-by-rank-math\/assets\/admin\/img\/icon-gif.png","position":"middle_center"}},"defautOgImage":"https:\/\/bbscore.com\/wp-content\/uploads\/2024\/05\/bbscore-website-logo.webp","customPermalinks":true,"isUserRegistered":false,"autoSuggestKeywords":false,"connectSiteUrl":"https:\/\/rankmath.com\/auth?site=https%3A%2F%2Fbbscore.com%2Fpt&r=https%3A%2F%2Fbbscore.com%2Fpt%2Fwp-json%2Fwp%2Fv2%2Fpages%2F3%3Fnonce%3D9de229b46a","maxTags":5,"trendsIcon":"<svg viewBox=\"0 0 610 610\"><path d=\"M18.85,446,174.32,290.48l58.08,58.08L76.93,504a14.54,14.54,0,0,1-20.55,0L18.83,466.48a14.54,14.54,0,0,1,0-20.55Z\" style=\"fill:#4285f4\"\/><path d=\"M242.65,242.66,377.59,377.6l-47.75,47.75a14.54,14.54,0,0,1-20.55,0L174.37,290.43l47.75-47.75A14.52,14.52,0,0,1,242.65,242.66Z\" style=\"fill:#ea4335\"\/><polygon points=\"319.53 319.53 479.26 159.8 537.34 217.88 377.61 377.62 319.53 319.53\" style=\"fill:#fabb05\"\/><path d=\"M594.26,262.73V118.61h0a16.94,16.94,0,0,0-16.94-16.94H433.2a16.94,16.94,0,0,0-12,28.92L565.34,274.71h0a16.94,16.94,0,0,0,28.92-12Z\" style=\"fill:#34a853\"\/><rect width=\"610\" height=\"610\" style=\"fill:none\"\/><\/svg>","showScore":true,"siteFavIcon":"https:\/\/bbscore.com\/wp-content\/uploads\/2024\/10\/cropped-66icon-32x32.png","canUser":{"general":false,"advanced":false,"snippet":false,"social":false,"analysis":false,"analytics":false,"content_ai":false},"isPro":false,"is_front_page":false,"trendsUpgradeLink":"https:\/\/rankmath.com\/pricing\/?utm_source=Plugin&utm_medium=CE%20General%20Tab%20Trends&utm_campaign=WP","trendsUpgradeLabel":"Atualizar","trendsPreviewImage":"https:\/\/bbscore.com\/wp-content\/plugins\/seo-by-rank-math\/assets\/admin\/img\/trends-preview.jpg","currentEditor":false,"homepageData":{"assessor":{"powerWords":[],"diacritics":true,"researchesTests":["contentHasTOC","contentHasShortParagraphs","contentHasAssets","keywordInTitle","keywordInMetaDescription","keywordInPermalink","keywordIn10Percent","keywordInContent","keywordInSubheadings","keywordInImageAlt","keywordDensity","keywordNotUsed","lengthContent","lengthPermalink","linksHasInternal","linksHasExternals","linksNotAllExternals","titleStartWithKeyword","titleSentiment","titleHasPowerWords","titleHasNumber","hasContentAI"],"hasBreadcrumb":true,"serpData":{"title":"%sitename% %page% %sep% %sitedesc%","description":"","titleTemplate":"%sitename% %page% %sep% %sitedesc%","descriptionTemplate":"","focusKeywords":"","breadcrumbTitle":"Home","robots":{"index":true},"advancedRobots":{"max-snippet":"-1","max-video-preview":"-1","max-image-preview":"large"},"facebookTitle":"","facebookDescription":"","facebookImage":"","facebookImageID":""}}},"tocTitle":"Table of Contents","tocExcludeHeadings":[],"listStyle":"ul"},"_links":{"self":[{"href":"https:\/\/bbscore.com\/pt\/wp-json\/wp\/v2\/pages\/3"}],"collection":[{"href":"https:\/\/bbscore.com\/pt\/wp-json\/wp\/v2\/pages"}],"about":[{"href":"https:\/\/bbscore.com\/pt\/wp-json\/wp\/v2\/types\/page"}],"author":[{"embeddable":true,"href":"https:\/\/bbscore.com\/pt\/wp-json\/wp\/v2\/users\/1"}],"replies":[{"embeddable":true,"href":"https:\/\/bbscore.com\/pt\/wp-json\/wp\/v2\/comments?post=3"}],"version-history":[{"count":7,"href":"https:\/\/bbscore.com\/pt\/wp-json\/wp\/v2\/pages\/3\/revisions"}],"predecessor-version":[{"id":10576,"href":"https:\/\/bbscore.com\/pt\/wp-json\/wp\/v2\/pages\/3\/revisions\/10576"}],"wp:attachment":[{"href":"https:\/\/bbscore.com\/pt\/wp-json\/wp\/v2\/media?parent=3"}],"curies":[{"name":"wp","href":"https:\/\/api.w.org\/{rel}","templated":true}]}}